{"id":155,"date":"2016-10-30T00:12:44","date_gmt":"2016-10-29T22:12:44","guid":{"rendered":"http:\/\/www.dynamicidiom.com\/es\/?page_id=155"},"modified":"2016-10-30T00:12:44","modified_gmt":"2016-10-29T22:12:44","slug":"clases","status":"publish","type":"page","link":"https:\/\/www.dynamicidiom.com\/es\/clases\/","title":{"rendered":"Clases"},"content":{"rendered":"<h4>Clases<\/h4>\n<p>Dynamic Idiom ofrece clases privadas de espa\u00f1ol para todos los niveles. Por medio del m\u00e9todos de ense\u00f1anza personalizados, dise\u00f1a clases a medida para cada estudiante, permitiendo que el alumno aprenda a su propio ritmo.<\/p>\n<p>El estudiante prodr\u00e1 aprender espa\u00f1ol de manera flexible, no tendr\u00e1 que pagar costos fijos mensuales o de matr\u00edcula y adem\u00e1s el material de estudio ser\u00e1 personalizado, dependiendo de sus necesidades.<\/p>\n<h5>Niveles<\/h5>\n<p>Nivel B\u00e1sico (A1 -A2)<\/p>\n<p>A1: El alumno ser\u00e1 capaz de desenvolverse con un lenguaje elemental en situaciones de comunicaci\u00f3n que tengan que ver con necesidades inmediatas o con temas muy cotidianos.<\/p>\n<p>A2: El alumno es capaz de comprender frases y expresiones cotidianas de uso frecuente relacionadas con \u00e1reas de experiencia que le son especialmente relevantes (informaci\u00f3n b\u00e1sica sobre s\u00ed mismo y su familia, compras, lugares de inter\u00e9s, ocupaciones, etc.).<\/p>\n<p>Nivel Intermedio (B1- B2)<\/p>\n<p>B1:<\/p>\n<ul>\n<li>Comprender los puntos principales\u00a0de textos claros y en lengua est\u00e1ndar, si tratan sobre cuestiones que le son conocidas, ya sea en situaciones de trabajo, estudio o de ocio.<\/li>\n<li>Desenvolverse en\u00a0la mayor parte de las\u00a0situacionesque le puedan surgir durante un viaje por zonas donde se utiliza la lengua.<\/li>\n<li>Producir textos sencillos\u00a0y coherentes sobre temas que le son familiares o en los que tiene un inter\u00e9s personal.<\/li>\n<\/ul>\n<p>B2:<\/p>\n<ul>\n<li>Relacionarse con hablantes nativos\u00a0con un grado suficiente de fluidez y naturalidad, de modo que la comunicaci\u00f3n se realice sin esfuerzo por parte de los interlocutores.<\/li>\n<li>Producir textos claros y detallados\u00a0sobre temas diversos.<\/li>\n<li>Entender las ideas principales\u00a0de textos complejos que traten temas tanto concretos como abstractos, incluso si son de car\u00e1cter t\u00e9cnico, siempre que est\u00e9n dentro de su campo de especializaci\u00f3n.<\/li>\n<\/ul>\n<p>Nivel Avanzado (C1-C2)<\/p>\n<ul>\n<li>Comprender una amplia variedad de textos extensos,Saber expresarse de forma fluida y espont\u00e1nea sin muestras muy evidentes de esfuerzo para encontrar la expresi\u00f3n adecuada.<\/li>\n<li>Poder hacer un uso flexible y efectivo del idioma para fines sociales, acad\u00e9micos y profesionales.<\/li>\n<\/ul>\n","protected":false},"excerpt":{"rendered":"<p>Clases Dynamic Idiom ofrece clases privadas de espa\u00f1ol para todos los niveles. Por medio del m\u00e9todos de ense\u00f1anza personalizados, dise\u00f1a clases a medida para cada estudiante, permitiendo que el alumno aprenda a su propio ritmo. El estudiante prodr\u00e1 aprender espa\u00f1ol<\/p>\n","protected":false},"author":2,"featured_media":279,"parent":0,"menu_order":0,"comment_status":"closed","ping_status":"closed","template":"","meta":{"footnotes":""},"class_list":["post-155","page","type-page","status-publish","has-post-thumbnail","hentry"],"_links":{"self":[{"href":"https:\/\/www.dynamicidiom.com\/es\/wp-json\/wp\/v2\/pages\/155","targetHints":{"allow":["GET"]}}],"collection":[{"href":"https:\/\/www.dynamicidiom.com\/es\/wp-json\/wp\/v2\/pages"}],"about":[{"href":"https:\/\/www.dynamicidiom.com\/es\/wp-json\/wp\/v2\/types\/page"}],"author":[{"embeddable":true,"href":"https:\/\/www.dynamicidiom.com\/es\/wp-json\/wp\/v2\/users\/2"}],"replies":[{"embeddable":true,"href":"https:\/\/www.dynamicidiom.com\/es\/wp-json\/wp\/v2\/comments?post=155"}],"version-history":[{"count":1,"href":"https:\/\/www.dynamicidiom.com\/es\/wp-json\/wp\/v2\/pages\/155\/revisions"}],"predecessor-version":[{"id":156,"href":"https:\/\/www.dynamicidiom.com\/es\/wp-json\/wp\/v2\/pages\/155\/revisions\/156"}],"wp:featuredmedia":[{"embeddable":true,"href":"https:\/\/www.dynamicidiom.com\/es\/wp-json\/wp\/v2\/media\/279"}],"wp:attachment":[{"href":"https:\/\/www.dynamicidiom.com\/es\/wp-json\/wp\/v2\/media?parent=155"}],"curies":[{"name":"wp","href":"https:\/\/api.w.org\/{rel}","templated":true}]}}