{"id":34,"date":"2016-10-26T23:50:47","date_gmt":"2016-10-26T21:50:47","guid":{"rendered":"http:\/\/www.dynamicidiom.com\/contact\/?lang=es"},"modified":"2016-10-30T00:15:36","modified_gmt":"2016-10-29T22:15:36","slug":"contacto","status":"publish","type":"page","link":"https:\/\/www.dynamicidiom.com\/es\/contacto\/","title":{"rendered":"Contacto"},"content":{"rendered":"<h4>Cont\u00e1ctenos!<\/h4>\n<p>\u00bfQuieres saber m\u00e1s sobre el lenguaje din\u00e1mico o solicitudes directas de informaci\u00f3n sobre el curso?<\/p>\n<p>Utilice el formulario de contacto y solicitar m\u00e1s informaci\u00f3n. Necesita ayudar a llenar a continuaci\u00f3n, puede ponerse en contacto con\u00a0<a href=\"mailto:info@dynamicidioms.com\">info@dynamicidioms.com<\/a>\u00a0o llame al 0615181184.<\/p>\n<h5>Contacto<\/h5>\n\n<div class=\"wpcf7 no-js\" id=\"wpcf7-f73-o1\" lang=\"en-US\" dir=\"ltr\" data-wpcf7-id=\"73\">\n<div class=\"screen-reader-response\"><p role=\"status\" aria-live=\"polite\" aria-atomic=\"true\"><\/p> <ul><\/ul><\/div>\n<form action=\"\/es\/wp-json\/wp\/v2\/pages\/34#wpcf7-f73-o1\" method=\"post\" class=\"wpcf7-form init\" aria-label=\"Contact form\" novalidate=\"novalidate\" data-status=\"init\">\n<fieldset class=\"hidden-fields-container\"><input type=\"hidden\" name=\"_wpcf7\" value=\"73\" \/><input type=\"hidden\" name=\"_wpcf7_version\" value=\"6.1.5\" \/><input type=\"hidden\" name=\"_wpcf7_locale\" value=\"en_US\" \/><input type=\"hidden\" name=\"_wpcf7_unit_tag\" value=\"wpcf7-f73-o1\" \/><input type=\"hidden\" name=\"_wpcf7_container_post\" value=\"0\" \/><input type=\"hidden\" name=\"_wpcf7_posted_data_hash\" value=\"\" \/><input type=\"hidden\" name=\"_wpcf7_recaptcha_response\" value=\"\" \/>\n<\/fieldset>\n<p><label> Naam<br \/>\n<span class=\"wpcf7-form-control-wrap\" data-name=\"your-name\"><input size=\"40\" maxlength=\"400\" class=\"wpcf7-form-control wpcf7-text wpcf7-validates-as-required\" aria-required=\"true\" aria-invalid=\"false\" value=\"\" type=\"text\" name=\"your-name\" \/><\/span> <\/label><br \/>\n<label> Email<br \/>\n<span class=\"wpcf7-form-control-wrap\" data-name=\"your-email\"><input size=\"40\" maxlength=\"400\" class=\"wpcf7-form-control wpcf7-email wpcf7-validates-as-required wpcf7-text wpcf7-validates-as-email\" aria-required=\"true\" aria-invalid=\"false\" value=\"\" type=\"email\" name=\"your-email\" \/><\/span> <\/label><br \/>\n<label> Telefoon<br \/>\n<span class=\"wpcf7-form-control-wrap\" data-name=\"telefoon\"><input size=\"40\" maxlength=\"400\" class=\"wpcf7-form-control wpcf7-text wpcf7-validates-as-required\" aria-required=\"true\" aria-invalid=\"false\" value=\"\" type=\"text\" name=\"telefoon\" \/><\/span> <\/label>\n<\/p>\n<p><label> Niveau<br \/>\n<span class=\"wpcf7-form-control-wrap\" data-name=\"cursus\"><select class=\"wpcf7-form-control wpcf7-select\" aria-invalid=\"false\" name=\"cursus\"><option value=\"Basisgebruiker\">Basisgebruiker<\/option><option value=\"Onafhankelijk gebruiker\">Onafhankelijk gebruiker<\/option><option value=\"Vaardig gebruiker\">Vaardig gebruiker<\/option><option value=\"Weet ik niet\">Weet ik niet<\/option><\/select><\/span> <\/label>\n<\/p>\n<p><label> Vragen en of toelichting<br \/>\n<span class=\"wpcf7-form-control-wrap\" data-name=\"your-message\"><textarea cols=\"40\" rows=\"10\" maxlength=\"2000\" class=\"wpcf7-form-control wpcf7-textarea\" aria-invalid=\"false\" name=\"your-message\"><\/textarea><\/span> <\/label><br \/>\n<input class=\"wpcf7-form-control wpcf7-submit has-spinner\" type=\"submit\" value=\"Verstuur\" \/>\n<\/p><p style=\"display: none !important;\" class=\"akismet-fields-container\" data-prefix=\"_wpcf7_ak_\"><label>&#916;<textarea name=\"_wpcf7_ak_hp_textarea\" cols=\"45\" rows=\"8\" maxlength=\"100\"><\/textarea><\/label><input type=\"hidden\" id=\"ak_js_1\" name=\"_wpcf7_ak_js\" value=\"13\"\/><script type=\"text\/javascript\">\n\/* <![CDATA[ *\/\ndocument.getElementById( \"ak_js_1\" ).setAttribute( \"value\", ( new Date() ).getTime() );\n\/* ]]> *\/\n<\/script>\n<\/p><div class=\"wpcf7-response-output\" aria-hidden=\"true\"><\/div>\n<\/form>\n<\/div>\n\n","protected":false},"excerpt":{"rendered":"<p>Cont\u00e1ctenos! \u00bfQuieres saber m\u00e1s sobre el lenguaje din\u00e1mico o solicitudes directas de informaci\u00f3n sobre el curso? Utilice el formulario de contacto y solicitar m\u00e1s informaci\u00f3n. Necesita ayudar a llenar a continuaci\u00f3n, puede ponerse en contacto con\u00a0info@dynamicidioms.com\u00a0o llame al 0615181184. Contacto<\/p>\n","protected":false},"author":2,"featured_media":39,"parent":0,"menu_order":0,"comment_status":"closed","ping_status":"closed","template":"page-templates\/contact.php","meta":{"footnotes":""},"class_list":["post-34","page","type-page","status-publish","has-post-thumbnail","hentry"],"_links":{"self":[{"href":"https:\/\/www.dynamicidiom.com\/es\/wp-json\/wp\/v2\/pages\/34","targetHints":{"allow":["GET"]}}],"collection":[{"href":"https:\/\/www.dynamicidiom.com\/es\/wp-json\/wp\/v2\/pages"}],"about":[{"href":"https:\/\/www.dynamicidiom.com\/es\/wp-json\/wp\/v2\/types\/page"}],"author":[{"embeddable":true,"href":"https:\/\/www.dynamicidiom.com\/es\/wp-json\/wp\/v2\/users\/2"}],"replies":[{"embeddable":true,"href":"https:\/\/www.dynamicidiom.com\/es\/wp-json\/wp\/v2\/comments?post=34"}],"version-history":[{"count":11,"href":"https:\/\/www.dynamicidiom.com\/es\/wp-json\/wp\/v2\/pages\/34\/revisions"}],"predecessor-version":[{"id":157,"href":"https:\/\/www.dynamicidiom.com\/es\/wp-json\/wp\/v2\/pages\/34\/revisions\/157"}],"wp:featuredmedia":[{"embeddable":true,"href":"https:\/\/www.dynamicidiom.com\/es\/wp-json\/wp\/v2\/media\/39"}],"wp:attachment":[{"href":"https:\/\/www.dynamicidiom.com\/es\/wp-json\/wp\/v2\/media?parent=34"}],"curies":[{"name":"wp","href":"https:\/\/api.w.org\/{rel}","templated":true}]}}