{"id":60,"date":"2016-10-27T00:21:25","date_gmt":"2016-10-26T22:21:25","guid":{"rendered":"http:\/\/www.dynamicidiom.com\/about\/?lang=es"},"modified":"2016-10-30T00:14:39","modified_gmt":"2016-10-29T22:14:39","slug":"about","status":"publish","type":"page","link":"https:\/\/www.dynamicidiom.com\/es\/about\/","title":{"rendered":"Sobre mi"},"content":{"rendered":"<h4>Dyamic Idiom<\/h4>\n<p>Dyamic Idiom es un espacio creado para aquellas personas que quieran aprender espa\u00f1ol o que quieran conocer m\u00e1s sobre la cultura y diferencias l\u00e9xicas de los pa\u00edses de habla hispana.<\/p>\n<p>El aprendizaje de un idioma, est\u00e1 arraigado al aprendizaje de sus cultura y de sus costumbres. Por esta raz\u00f3n, Dynamic Idiom quiere ense\u00f1ar no sol\u00f3 el segundo lenguaje m\u00e1s importante del mundo, sino que tambi\u00e9n quiere mostrarle al mundo la diversidad cultural de los 21 pa\u00edses que lo hablan.<\/p>\n<p>N<em>uestro desaf\u00edo es ense\u00f1ar el idioma espa\u00f1ol de una manera sencilla, flexible y din\u00e1mica que se ajuste a las necesidades de cada estudiante.<\/em><\/p>\n<h4>Yamile Lara G.<\/h4>\n<p>Soy Colombiana, pero he tenido la oportunidad de vivir y visitar diferentes pa\u00edses de latinoamerica. La interacci\u00f3n con personas de estos pa\u00edses, me permiti\u00f3 darme cuenta de la gran diferencia cultural y linguistica que tenemos, a\u00fan cuando hablamos el mismo idioma.<\/p>\n<p>Por otro lado, al llegar a Europa, vi la oportunidad de ense\u00f1anzar el idioma espa\u00f1ol de una manera distina, ya que, en la mayor\u00eda de las veces, su ense\u00f1anza esta enfocada en el uso de la lengua en Espa\u00f1a.<\/p>\n<p>Por esta raz\u00f3n, decid\u00ed empezar este proyecto para darle a conocer a las personas lo maravilloso e interesante que es la cultura de habla hispana y permitirles de una manera din\u00e1mica este idioma lleno de contrastes. El Espa\u00f1ol!!!.<\/p>\n","protected":false},"excerpt":{"rendered":"<p>Dyamic Idiom Dyamic Idiom es un espacio creado para aquellas personas que quieran aprender espa\u00f1ol o que quieran conocer m\u00e1s sobre la cultura y diferencias l\u00e9xicas de los pa\u00edses de habla hispana. El aprendizaje de un idioma, est\u00e1 arraigado al<\/p>\n","protected":false},"author":2,"featured_media":280,"parent":0,"menu_order":0,"comment_status":"closed","ping_status":"closed","template":"","meta":{"footnotes":""},"class_list":["post-60","page","type-page","status-publish","has-post-thumbnail","hentry"],"_links":{"self":[{"href":"https:\/\/www.dynamicidiom.com\/es\/wp-json\/wp\/v2\/pages\/60","targetHints":{"allow":["GET"]}}],"collection":[{"href":"https:\/\/www.dynamicidiom.com\/es\/wp-json\/wp\/v2\/pages"}],"about":[{"href":"https:\/\/www.dynamicidiom.com\/es\/wp-json\/wp\/v2\/types\/page"}],"author":[{"embeddable":true,"href":"https:\/\/www.dynamicidiom.com\/es\/wp-json\/wp\/v2\/users\/2"}],"replies":[{"embeddable":true,"href":"https:\/\/www.dynamicidiom.com\/es\/wp-json\/wp\/v2\/comments?post=60"}],"version-history":[{"count":7,"href":"https:\/\/www.dynamicidiom.com\/es\/wp-json\/wp\/v2\/pages\/60\/revisions"}],"predecessor-version":[{"id":153,"href":"https:\/\/www.dynamicidiom.com\/es\/wp-json\/wp\/v2\/pages\/60\/revisions\/153"}],"wp:featuredmedia":[{"embeddable":true,"href":"https:\/\/www.dynamicidiom.com\/es\/wp-json\/wp\/v2\/media\/280"}],"wp:attachment":[{"href":"https:\/\/www.dynamicidiom.com\/es\/wp-json\/wp\/v2\/media?parent=60"}],"curies":[{"name":"wp","href":"https:\/\/api.w.org\/{rel}","templated":true}]}}